{"id":4393,"date":"2024-07-26T10:56:58","date_gmt":"2024-07-26T10:56:58","guid":{"rendered":"https:\/\/wpecomus.com\/fashion\/?page_id=4393"},"modified":"2024-07-26T10:56:58","modified_gmt":"2024-07-26T10:56:58","slug":"order-tracking","status":"publish","type":"page","link":"https:\/\/loe.com.tr\/?page_id=4393","title":{"rendered":"Order Tracking"},"content":{"rendered":"\t\t<div data-elementor-type=\"wp-page\" data-elementor-id=\"4393\" class=\"elementor elementor-4393\">\n\t\t\t\t<div class=\"elementor-element elementor-element-60e8ea9 e-flex e-con-boxed ecomus-responsive-column ecomus-tablet-column--default ecomus-responsive-column ecomus-mobile-column--default ecomus-responsive-column ecomus-motion--var(--position) e-con e-parent\" data-id=\"60e8ea9\" data-element_type=\"container\" data-e-type=\"container\">\n\t\t\t\t\t<div class=\"e-con-inner\">\n\t\t\t\t<div class=\"elementor-element elementor-element-4089ca9 elementor-widget elementor-widget-shortcode\" data-id=\"4089ca9\" data-element_type=\"widget\" data-e-type=\"widget\" data-widget_type=\"shortcode.default\">\n\t\t\t\t\t\t\t<div class=\"elementor-shortcode\"><div class=\"woocommerce\">\n<form action=\"https:\/\/loe.com.tr\/?page_id=4393\" method=\"post\" class=\"woocommerce-form woocommerce-form-track-order track_order\">\n\n\t\n\t<p>Sipari\u015finizi takip etmek i\u00e7in l\u00fctfen a\u015fa\u011f\u0131daki kutuya sipari\u015f numaran\u0131z\u0131 girin ve Takip Et butonuna t\u0131klay\u0131n. Size g\u00f6nderilen sipari\u015f onay e-postas\u0131nda sipari\u015f numaran\u0131z\u0131 bulabilirsiniz.<\/p>\n\n\t<p class=\"form-row form-row-first\"><label for=\"orderid\">Sipari\u015f numaras\u0131<\/label> <input class=\"input-text\" type=\"text\" name=\"orderid\" id=\"orderid\" value=\"\" placeholder=\"Sipari\u015f onay e-postas\u0131nda bulunur.\" \/><\/p>\t<p class=\"form-row form-row-last\"><label for=\"order_email\">Fatura e-posta adresi<\/label> <input class=\"input-text\" type=\"text\" name=\"order_email\" id=\"order_email\" value=\"\" placeholder=\"\u00d6deme s\u0131ras\u0131nda kullanm\u0131\u015f oldu\u011funuz e-posta adresi.\" \/><\/p>\t<div class=\"clear\"><\/div>\n\n\t\n\t<p class=\"form-row\"><button type=\"submit\" class=\"button\" name=\"track\" value=\"Takip et\">Takip et<\/button><\/p>\n\t<input type=\"hidden\" id=\"woocommerce-order-tracking-nonce\" name=\"woocommerce-order-tracking-nonce\" value=\"601a932b47\" \/><input type=\"hidden\" name=\"_wp_http_referer\" value=\"\/index.php?rest_route=%2Fwp%2Fv2%2Fpages%2F4393\" \/>\n\t\n<\/form>\n<\/div><\/div>\n\t\t\t\t\t\t<\/div>\n\t\t\t\t\t<\/div>\n\t\t\t\t<\/div>\n\t\t\t\t<\/div>\n\t\t","protected":false},"excerpt":{"rendered":"","protected":false},"author":1,"featured_media":0,"parent":0,"menu_order":0,"comment_status":"closed","ping_status":"closed","template":"","meta":{"footnotes":""},"class_list":["post-4393","page","type-page","status-publish","hentry"],"_links":{"self":[{"href":"https:\/\/loe.com.tr\/index.php?rest_route=\/wp\/v2\/pages\/4393","targetHints":{"allow":["GET"]}}],"collection":[{"href":"https:\/\/loe.com.tr\/index.php?rest_route=\/wp\/v2\/pages"}],"about":[{"href":"https:\/\/loe.com.tr\/index.php?rest_route=\/wp\/v2\/types\/page"}],"author":[{"embeddable":true,"href":"https:\/\/loe.com.tr\/index.php?rest_route=\/wp\/v2\/users\/1"}],"replies":[{"embeddable":true,"href":"https:\/\/loe.com.tr\/index.php?rest_route=%2Fwp%2Fv2%2Fcomments&post=4393"}],"version-history":[{"count":0,"href":"https:\/\/loe.com.tr\/index.php?rest_route=\/wp\/v2\/pages\/4393\/revisions"}],"wp:attachment":[{"href":"https:\/\/loe.com.tr\/index.php?rest_route=%2Fwp%2Fv2%2Fmedia&parent=4393"}],"curies":[{"name":"wp","href":"https:\/\/api.w.org\/{rel}","templated":true}]}}